{"id":132,"date":"2018-12-27T11:58:42","date_gmt":"2018-12-27T11:58:42","guid":{"rendered":"http:\/\/neuro-increase.es\/?page_id=132"},"modified":"2022-03-23T12:42:22","modified_gmt":"2022-03-23T12:42:22","slug":"investigacion","status":"publish","type":"page","link":"https:\/\/neuro-increase.es\/index.php\/investigacion\/","title":{"rendered":"Investigaci\u00f3n"},"content":{"rendered":"<p>[et_pb_section fb_built=\u00bb1&#8243; fullwidth=\u00bbon\u00bb admin_label=\u00bbHero Section\u00bb _builder_version=\u00bb4.6.5&#8243; background_image=\u00bbhttps:\/\/neuro-increase.es\/wp-content\/uploads\/2020\/10\/fondo-solo-scaled.jpg\u00bb][et_pb_fullwidth_header title=\u00bbINVESTIGACI\u00d3N\u00bb subhead=\u00bbL\u00cdNEAS DE INVESTIGACI\u00d3N\u00bb text_orientation=\u00bbright\u00bb background_overlay_color=\u00bbrgba(84,82,82,0.48)\u00bb content_max_width=\u00bb550px\u00bb content_max_width_tablet=\u00bb\u00bb content_max_width_phone=\u00bb406px\u00bb content_max_width_last_edited=\u00bbon|phone\u00bb _builder_version=\u00bb4.6.5&#8243; title_font=\u00bbPoppins|700||on|||||\u00bb title_text_color=\u00bb#ffffff\u00bb title_font_size=\u00bb58px\u00bb title_letter_spacing=\u00bb2px\u00bb title_line_height=\u00bb1.8em\u00bb content_font=\u00bb||||||||\u00bb subhead_font=\u00bb|700||on|||||\u00bb subhead_text_color=\u00bb#f3ac58&#8243; subhead_font_size=\u00bb33px\u00bb subhead_line_height=\u00bb1.4em\u00bb background_enable_color=\u00bboff\u00bb background_image=\u00bbhttps:\/\/neuro-increase.es\/wp-content\/uploads\/2020\/10\/fondo-solo-scaled.jpg\u00bb parallax=\u00bbon\u00bb parallax_method=\u00bbon\u00bb custom_button_one=\u00bbon\u00bb button_one_border_width=\u00bb1px\u00bb button_one_border_color=\u00bbrgba(255,255,255,0.3)\u00bb button_one_border_radius=\u00bb0px\u00bb button_one_letter_spacing=\u00bb1px\u00bb button_one_font=\u00bbSaira Extra Condensed|600||on|||||\u00bb button_one_icon=\u00bb%%3%%\u00bb button_one_icon_color=\u00bb#edbb5f\u00bb custom_button_two=\u00bbon\u00bb button_two_border_width=\u00bb1px\u00bb button_two_border_color=\u00bbrgba(255,255,255,0.3)\u00bb button_two_border_radius=\u00bb0px\u00bb button_two_letter_spacing=\u00bb1px\u00bb button_two_font=\u00bbSaira Extra Condensed|600||on|||||\u00bb button_two_icon=\u00bb%%3%%\u00bb button_two_icon_color=\u00bb#edbb5f\u00bb module_alignment=\u00bbright\u00bb custom_margin=\u00bb|||\u00bb custom_padding=\u00bb14.5%||91px|||\u00bb title_font_size_tablet=\u00bb\u00bb title_font_size_phone=\u00bb39px\u00bb title_font_size_last_edited=\u00bbon|phone\u00bb subhead_font_size_tablet=\u00bb\u00bb subhead_font_size_phone=\u00bb23px\u00bb subhead_font_size_last_edited=\u00bbon|phone\u00bb module_alignment_tablet=\u00bb\u00bb module_alignment_phone=\u00bb\u00bb module_alignment_last_edited=\u00bbon|phone\u00bb button_one_text_color_hover=\u00bb#edbb5f\u00bb button_two_text_color_hover=\u00bb#edbb5f\u00bb button_one_bg_color_hover=\u00bbrgba(0,0,0,0)\u00bb button_two_bg_color_hover=\u00bbrgba(0,0,0,0)\u00bb button_one_text_size__hover_enabled=\u00bboff\u00bb button_two_text_size__hover_enabled=\u00bboff\u00bb button_one_text_color__hover_enabled=\u00bbon\u00bb button_one_text_color__hover=\u00bb#edbb5f\u00bb button_two_text_color__hover_enabled=\u00bbon\u00bb button_two_text_color__hover=\u00bb#edbb5f\u00bb button_one_border_width__hover_enabled=\u00bboff\u00bb button_two_border_width__hover_enabled=\u00bboff\u00bb button_one_border_color__hover_enabled=\u00bboff\u00bb button_two_border_color__hover_enabled=\u00bboff\u00bb button_one_border_radius__hover_enabled=\u00bboff\u00bb button_two_border_radius__hover_enabled=\u00bboff\u00bb button_one_letter_spacing__hover_enabled=\u00bboff\u00bb button_two_letter_spacing__hover_enabled=\u00bboff\u00bb button_one_bg_color__hover_enabled=\u00bbon\u00bb button_one_bg_color__hover=\u00bbrgba(0,0,0,0)\u00bb button_two_bg_color__hover_enabled=\u00bbon\u00bb button_two_bg_color__hover=\u00bbrgba(0,0,0,0)\u00bb][\/et_pb_fullwidth_header][\/et_pb_section][et_pb_section fb_built=\u00bb1&#8243; admin_label=\u00bbFeature &#8211; Image Right\u00bb _builder_version=\u00bb4.6.5&#8243; background_color=\u00bb#efefef\u00bb custom_margin=\u00bb|||\u00bb custom_padding=\u00bb0|0px|35px|0px|false|false\u00bb][et_pb_row column_structure=\u00bb1_3,1_3,1_3&#8243; use_custom_gutter=\u00bbon\u00bb gutter_width=\u00bb1&#8243; make_equal=\u00bbon\u00bb admin_label=\u00bbCase Study Row\u00bb _builder_version=\u00bb4.6.6&#8243; width_tablet=\u00bb\u00bb width_phone=\u00bb85%\u00bb width_last_edited=\u00bbon|phone\u00bb max_width=\u00bb1910px\u00bb custom_margin=\u00bb|auto|-4px|auto||\u00bb custom_padding=\u00bb53px|||||\u00bb][et_pb_column type=\u00bb1_3&#8243; _builder_version=\u00bb3.25&#8243; background_color=\u00bb#ffffff\u00bb custom_padding=\u00bb|||\u00bb custom_padding__hover=\u00bb|||\u00bb][et_pb_cta button_url=\u00bb#top\u00bb admin_label=\u00bbTitle Paragraph &#038; CTA Button\u00bb _builder_version=\u00bb4.6.6&#8243; header_level=\u00bbh3&#8243; header_font=\u00bbMuli|700|||||||\u00bb header_font_size=\u00bb26px\u00bb header_line_height=\u00bb1.4em\u00bb body_font=\u00bbMuli|600|||||||\u00bb body_font_size=\u00bb16px\u00bb body_line_height=\u00bb1.8em\u00bb use_background_color=\u00bboff\u00bb custom_button=\u00bbon\u00bb button_text_size=\u00bb16px\u00bb button_text_color=\u00bb#ffffff\u00bb button_bg_color=\u00bb#f4583f\u00bb button_border_width=\u00bb3px\u00bb button_border_color=\u00bb#f4583f\u00bb button_border_radius=\u00bb31px\u00bb button_font=\u00bbMuli|700|||||||\u00bb button_use_icon=\u00bboff\u00bb text_orientation=\u00bbleft\u00bb background_layout=\u00bblight\u00bb width=\u00bb67%\u00bb width_tablet=\u00bb\u00bb width_phone=\u00bb85%\u00bb width_last_edited=\u00bbon|phone\u00bb module_alignment=\u00bbcenter\u00bb custom_margin=\u00bb54px||||false|false\u00bb custom_padding=\u00bb|||\u00bb button_border_radius_hover=\u00bb0px\u00bb locked=\u00bboff\u00bb button_text_size__hover_enabled=\u00bboff\u00bb button_one_text_size__hover_enabled=\u00bboff\u00bb button_two_text_size__hover_enabled=\u00bboff\u00bb button_text_color__hover_enabled=\u00bboff\u00bb button_one_text_color__hover_enabled=\u00bboff\u00bb button_two_text_color__hover_enabled=\u00bboff\u00bb button_border_width__hover_enabled=\u00bboff\u00bb button_one_border_width__hover_enabled=\u00bboff\u00bb button_two_border_width__hover_enabled=\u00bboff\u00bb button_border_color__hover_enabled=\u00bboff\u00bb button_one_border_color__hover_enabled=\u00bboff\u00bb button_two_border_color__hover_enabled=\u00bboff\u00bb button_border_radius__hover_enabled=\u00bbon\u00bb button_border_radius__hover=\u00bb0px\u00bb button_one_border_radius__hover_enabled=\u00bboff\u00bb button_two_border_radius__hover_enabled=\u00bboff\u00bb button_letter_spacing__hover_enabled=\u00bboff\u00bb button_one_letter_spacing__hover_enabled=\u00bboff\u00bb button_two_letter_spacing__hover_enabled=\u00bboff\u00bb button_bg_color__hover_enabled=\u00bboff\u00bb button_one_bg_color__hover_enabled=\u00bboff\u00bb button_two_bg_color__hover_enabled=\u00bboff\u00bb]<\/p>\n<p><span style=\"color: #ff0000;\">L\u00cdNEAS DE INVESTIGACI\u00d3N<\/span><\/p>\n<h2><b>Investigaci\u00f3n <\/b><b>pre-cl\u00ednica <\/b><\/h2>\n<h3><b>(IP:<\/b><b>Dr. J. F. Arenillas Lara y\u00a0<\/b><b>Dr. J. <\/b><b>Agulla<\/b><b> Freire)<\/b><\/h3>\n<ul>\n<li>Modelo animal de ictus isqu\u00e9mico y hemorr\u00e1gico<\/li>\n<li>Modelo animal de enfermedad de Alzheimer<\/li>\n<li>Resonancia magn\u00e9tica en cerebro animal. Imagen molecular y teran\u00f3stica<\/li>\n<\/ul>\n<p>&nbsp;<\/p>\n<p>[\/et_pb_cta][\/et_pb_column][et_pb_column type=\u00bb1_3&#8243; _builder_version=\u00bb4.6.6&#8243; background_color=\u00bb#f7f7f7&#8243; custom_padding=\u00bb|||\u00bb custom_padding__hover=\u00bb|||\u00bb][et_pb_cta button_url=\u00bb#top\u00bb admin_label=\u00bbTitle Paragraph &#038; CTA Button\u00bb _builder_version=\u00bb4.6.6&#8243; header_level=\u00bbh3&#8243; header_font=\u00bbMuli|700|||||||\u00bb header_font_size=\u00bb26px\u00bb header_line_height=\u00bb1.4em\u00bb body_font=\u00bbMuli|600|||||||\u00bb body_font_size=\u00bb16px\u00bb body_line_height=\u00bb1.8em\u00bb use_background_color=\u00bboff\u00bb custom_button=\u00bbon\u00bb button_text_size=\u00bb16px\u00bb button_text_color=\u00bb#ffffff\u00bb button_bg_color=\u00bb#f4583f\u00bb button_border_width=\u00bb3px\u00bb button_border_color=\u00bb#f4583f\u00bb button_border_radius=\u00bb31px\u00bb button_font=\u00bbMuli|700|||||||\u00bb button_use_icon=\u00bboff\u00bb text_orientation=\u00bbleft\u00bb background_layout=\u00bblight\u00bb width=\u00bb76.9%\u00bb width_tablet=\u00bb\u00bb width_phone=\u00bb85%\u00bb width_last_edited=\u00bbon|phone\u00bb module_alignment=\u00bbcenter\u00bb custom_margin=\u00bb54px||||false|false\u00bb custom_padding=\u00bb|||\u00bb button_border_radius_hover=\u00bb0px\u00bb button_text_size__hover_enabled=\u00bboff\u00bb button_one_text_size__hover_enabled=\u00bboff\u00bb button_two_text_size__hover_enabled=\u00bboff\u00bb button_text_color__hover_enabled=\u00bboff\u00bb button_one_text_color__hover_enabled=\u00bboff\u00bb button_two_text_color__hover_enabled=\u00bboff\u00bb button_border_width__hover_enabled=\u00bboff\u00bb button_one_border_width__hover_enabled=\u00bboff\u00bb button_two_border_width__hover_enabled=\u00bboff\u00bb button_border_color__hover_enabled=\u00bboff\u00bb button_one_border_color__hover_enabled=\u00bboff\u00bb button_two_border_color__hover_enabled=\u00bboff\u00bb button_border_radius__hover_enabled=\u00bbon\u00bb button_border_radius__hover=\u00bb0px\u00bb button_one_border_radius__hover_enabled=\u00bboff\u00bb button_two_border_radius__hover_enabled=\u00bboff\u00bb button_letter_spacing__hover_enabled=\u00bboff\u00bb button_one_letter_spacing__hover_enabled=\u00bboff\u00bb button_two_letter_spacing__hover_enabled=\u00bboff\u00bb button_bg_color__hover_enabled=\u00bboff\u00bb button_one_bg_color__hover_enabled=\u00bboff\u00bb button_two_bg_color__hover_enabled=\u00bboff\u00bb]<\/p>\n<p><span style=\"color: #ff0000;\">L\u00cdNEAS DE INVESTIGACI\u00d3N<\/span><\/p>\n<h2>E-Health y telemedicina<\/h2>\n<h3><b>(IP<\/b><b>:\u00a0<\/b><b>Dr. J. F. Arenillas Lara,\u00a0<\/b><b>Dra. Bego\u00f1a Coco)<\/b><\/h3>\n<ul>\n<li>Discapacidad Visual y neuro-rehabilitaci\u00f3n visual<\/li>\n<li>Tecnolog\u00edas para la mejora del screening y la rehabilitaci\u00f3n de pacientes con enfermedad neurol\u00f3gica<\/li>\n<li>Factores psicosociales del impacto de la discapacidad tras enfermedad neurol\u00f3gica<\/li>\n<li>Innovaci\u00f3n educativa en ciencias de la salud<\/li>\n<\/ul>\n<p>[\/et_pb_cta][\/et_pb_column][et_pb_column type=\u00bb1_3&#8243; _builder_version=\u00bb3.25&#8243; background_color=\u00bb#ffffff\u00bb custom_padding=\u00bb60px|60px|60px|60px\u00bb custom_padding__hover=\u00bb|||\u00bb][et_pb_image src=\u00bbhttps:\/\/neuro-increase.es\/wp-content\/uploads\/2020\/10\/Increase-LOGO-cuadrado-neurona-02.jpg\u00bb alt=\u00bbINCreAse.es\u00bb title_text=\u00bbIncrease LOGO cuadrado neurona-02&#8243; _builder_version=\u00bb4.6.5&#8243; width=\u00bb91%\u00bb custom_margin=\u00bb-30px||-30px||false|false\u00bb locked=\u00bboff\u00bb][\/et_pb_image][\/et_pb_column][\/et_pb_row][et_pb_row column_structure=\u00bb1_3,1_3,1_3&#8243; use_custom_gutter=\u00bbon\u00bb gutter_width=\u00bb1&#8243; make_equal=\u00bbon\u00bb admin_label=\u00bbCase Study Row\u00bb _builder_version=\u00bb4.6.6&#8243; background_color=\u00bb#ffffff\u00bb width_tablet=\u00bb\u00bb width_phone=\u00bb85%\u00bb width_last_edited=\u00bbon|phone\u00bb max_width=\u00bb1910px\u00bb custom_padding=\u00bb0px||0px|||\u00bb][et_pb_column type=\u00bb1_3&#8243; _builder_version=\u00bb3.25&#8243; background_color=\u00bb#ffffff\u00bb custom_padding=\u00bb|||\u00bb custom_padding__hover=\u00bb|||\u00bb][et_pb_image src=\u00bbhttps:\/\/neuro-increase.es\/wp-content\/uploads\/2020\/10\/writer-illustration_08.png\u00bb title_text=\u00bbwriter-illustration_08&#8243; force_fullwidth=\u00bbon\u00bb _builder_version=\u00bb4.6.5&#8243; _module_preset=\u00bbdefault\u00bb custom_margin=\u00bb87px|-43px||10px|false|false\u00bb custom_margin_tablet=\u00bb\u00bb custom_margin_phone=\u00bb-24px|-43px||10px|false|false\u00bb custom_margin_last_edited=\u00bbon|phone\u00bb][\/et_pb_image][\/et_pb_column][et_pb_column type=\u00bb1_3&#8243; _builder_version=\u00bb4.6.6&#8243; background_color=\u00bb#f7f7f7&#8243; custom_padding=\u00bb60px|60px|60px|60px\u00bb custom_padding__hover=\u00bb|||\u00bb][et_pb_cta button_url=\u00bb#top\u00bb admin_label=\u00bbTitle Paragraph &#038; CTA Button\u00bb _builder_version=\u00bb4.6.6&#8243; header_level=\u00bbh3&#8243; header_font=\u00bbMuli|700|||||||\u00bb header_font_size=\u00bb26px\u00bb header_line_height=\u00bb1.4em\u00bb body_font=\u00bbMuli|600|||||||\u00bb body_font_size=\u00bb16px\u00bb body_line_height=\u00bb1.8em\u00bb use_background_color=\u00bboff\u00bb custom_button=\u00bbon\u00bb button_text_size=\u00bb16px\u00bb button_text_color=\u00bb#ffffff\u00bb button_bg_color=\u00bb#f4583f\u00bb button_border_width=\u00bb3px\u00bb button_border_color=\u00bb#f4583f\u00bb button_border_radius=\u00bb31px\u00bb button_font=\u00bbMuli|700|||||||\u00bb button_use_icon=\u00bboff\u00bb text_orientation=\u00bbleft\u00bb background_layout=\u00bblight\u00bb width_tablet=\u00bb\u00bb width_phone=\u00bb303px\u00bb width_last_edited=\u00bbon|phone\u00bb max_width=\u00bb316px\u00bb custom_margin_tablet=\u00bb\u00bb custom_margin_phone=\u00bb|||-18px|false|false\u00bb custom_margin_last_edited=\u00bbon|phone\u00bb custom_padding=\u00bb|||\u00bb button_border_radius_hover=\u00bb0px\u00bb button_text_size__hover_enabled=\u00bboff\u00bb button_one_text_size__hover_enabled=\u00bboff\u00bb button_two_text_size__hover_enabled=\u00bboff\u00bb button_text_color__hover_enabled=\u00bboff\u00bb button_one_text_color__hover_enabled=\u00bboff\u00bb button_two_text_color__hover_enabled=\u00bboff\u00bb button_border_width__hover_enabled=\u00bboff\u00bb button_one_border_width__hover_enabled=\u00bboff\u00bb button_two_border_width__hover_enabled=\u00bboff\u00bb button_border_color__hover_enabled=\u00bboff\u00bb button_one_border_color__hover_enabled=\u00bboff\u00bb button_two_border_color__hover_enabled=\u00bboff\u00bb button_border_radius__hover_enabled=\u00bbon\u00bb button_border_radius__hover=\u00bb0px\u00bb button_one_border_radius__hover_enabled=\u00bboff\u00bb button_two_border_radius__hover_enabled=\u00bboff\u00bb button_letter_spacing__hover_enabled=\u00bboff\u00bb button_one_letter_spacing__hover_enabled=\u00bboff\u00bb button_two_letter_spacing__hover_enabled=\u00bboff\u00bb button_bg_color__hover_enabled=\u00bboff\u00bb button_one_bg_color__hover_enabled=\u00bboff\u00bb button_two_bg_color__hover_enabled=\u00bboff\u00bb]<\/p>\n<p><span style=\"color: #ff0000;\">L\u00cdNEAS DE INVESTIGACI\u00d3N<\/span><\/p>\n<h2>Enfermedades cerebrovasculares<\/h2>\n<h3><strong>(IP: Dr. J. F. Arenillas Lara)<\/strong><\/h3>\n<ul>\n<li>Aterosclerosis intracraneal.<\/li>\n<li>Reperfusi\u00f3n cerebral.<\/li>\n<li>Reparaci\u00f3n cerebral. Neuromodulaci\u00f3n.<\/li>\n<li>Prevenci\u00f3n cerebrovascular. Coraz\u00f3n y cerebro.<\/li>\n<\/ul>\n<p>[\/et_pb_cta][\/et_pb_column][et_pb_column type=\u00bb1_3&#8243; _builder_version=\u00bb3.25&#8243; background_color=\u00bb#ffffff\u00bb custom_padding=\u00bb60px|60px|60px|60px\u00bb custom_padding__hover=\u00bb|||\u00bb][et_pb_cta button_url=\u00bb#top\u00bb admin_label=\u00bbTitle Paragraph &#038; CTA Button\u00bb _builder_version=\u00bb4.6.6&#8243; header_level=\u00bbh3&#8243; header_font=\u00bbMuli|700|||||||\u00bb header_font_size=\u00bb26px\u00bb header_line_height=\u00bb1.4em\u00bb body_font=\u00bbMuli|600|||||||\u00bb body_font_size=\u00bb16px\u00bb body_line_height=\u00bb1.8em\u00bb use_background_color=\u00bboff\u00bb custom_button=\u00bbon\u00bb button_text_size=\u00bb16px\u00bb button_text_color=\u00bb#ffffff\u00bb button_bg_color=\u00bb#f4583f\u00bb button_border_width=\u00bb3px\u00bb button_border_color=\u00bb#f4583f\u00bb button_border_radius=\u00bb31px\u00bb button_font=\u00bbMuli|700|||||||\u00bb button_use_icon=\u00bboff\u00bb text_orientation=\u00bbleft\u00bb background_layout=\u00bblight\u00bb custom_margin_tablet=\u00bb\u00bb custom_margin_phone=\u00bb-58px|||-14px|false|false\u00bb custom_margin_last_edited=\u00bbon|phone\u00bb custom_padding=\u00bb|||\u00bb button_border_radius_hover=\u00bb0px\u00bb locked=\u00bboff\u00bb button_text_size__hover_enabled=\u00bboff\u00bb button_one_text_size__hover_enabled=\u00bboff\u00bb button_two_text_size__hover_enabled=\u00bboff\u00bb button_text_color__hover_enabled=\u00bboff\u00bb button_one_text_color__hover_enabled=\u00bboff\u00bb button_two_text_color__hover_enabled=\u00bboff\u00bb button_border_width__hover_enabled=\u00bboff\u00bb button_one_border_width__hover_enabled=\u00bboff\u00bb button_two_border_width__hover_enabled=\u00bboff\u00bb button_border_color__hover_enabled=\u00bboff\u00bb button_one_border_color__hover_enabled=\u00bboff\u00bb button_two_border_color__hover_enabled=\u00bboff\u00bb button_border_radius__hover_enabled=\u00bbon\u00bb button_border_radius__hover=\u00bb0px\u00bb button_one_border_radius__hover_enabled=\u00bboff\u00bb button_two_border_radius__hover_enabled=\u00bboff\u00bb button_letter_spacing__hover_enabled=\u00bboff\u00bb button_one_letter_spacing__hover_enabled=\u00bboff\u00bb button_two_letter_spacing__hover_enabled=\u00bboff\u00bb button_bg_color__hover_enabled=\u00bboff\u00bb button_one_bg_color__hover_enabled=\u00bboff\u00bb button_two_bg_color__hover_enabled=\u00bboff\u00bb]<\/p>\n<p><span style=\"color: #ff0000;\">L\u00cdNEAS DE INVESTIGACI\u00d3N<\/span><\/p>\n<h2><b>Innovaci\u00f3n educativa<\/b><\/h2>\n<h3><strong>(Dr. J.F. Arenillas Lara, Dra. Bego\u00f1a Coco)<\/strong><\/h3>\n<p><strong><\/strong><\/p>\n<p><strong><\/strong><\/p>\n<p><strong><\/strong><\/p>\n<p><strong><\/strong><\/p>\n<p><strong><\/strong><\/p>\n<p>[\/et_pb_cta][\/et_pb_column][\/et_pb_row][\/et_pb_section]<\/p>\n","protected":false},"excerpt":{"rendered":"<p>L\u00cdNEAS DE INVESTIGACI\u00d3N Investigaci\u00f3n pre-cl\u00ednica (IP:Dr. J. F. Arenillas Lara y\u00a0Dr. J. Agulla Freire) Modelo animal de ictus isqu\u00e9mico y hemorr\u00e1gico Modelo animal de enfermedad de Alzheimer Resonancia magn\u00e9tica en cerebro animal. Imagen molecular y teran\u00f3stica &nbsp;L\u00cdNEAS DE INVESTIGACI\u00d3N E-Health y telemedicina (IP:\u00a0Dr. J. F. Arenillas Lara,\u00a0Dra. Bego\u00f1a Coco) Discapacidad Visual y neuro-rehabilitaci\u00f3n visual Tecnolog\u00edas [&hellip;]<\/p>\n","protected":false},"author":1,"featured_media":0,"parent":0,"menu_order":0,"comment_status":"closed","ping_status":"closed","template":"","meta":{"_et_pb_use_builder":"on","_et_pb_old_content":"","_et_gb_content_width":"","footnotes":""},"class_list":["post-132","page","type-page","status-publish","hentry"],"yoast_head":"<!-- This site is optimized with the Yoast SEO plugin v26.8 - https:\/\/yoast.com\/product\/yoast-seo-wordpress\/ -->\n<title>Investigaci\u00f3n - INCreAse<\/title>\n<meta name=\"robots\" content=\"index, follow, max-snippet:-1, max-image-preview:large, max-video-preview:-1\" \/>\n<link rel=\"canonical\" href=\"https:\/\/neuro-increase.es\/index.php\/investigacion\/\" \/>\n<meta property=\"og:locale\" content=\"es_ES\" \/>\n<meta property=\"og:type\" content=\"article\" \/>\n<meta property=\"og:title\" content=\"Investigaci\u00f3n - INCreAse\" \/>\n<meta property=\"og:description\" content=\"L\u00cdNEAS DE INVESTIGACI\u00d3N Investigaci\u00f3n pre-cl\u00ednica (IP:Dr. J. F. Arenillas Lara y\u00a0Dr. J. Agulla Freire) Modelo animal de ictus isqu\u00e9mico y hemorr\u00e1gico Modelo animal de enfermedad de Alzheimer Resonancia magn\u00e9tica en cerebro animal. Imagen molecular y teran\u00f3stica &nbsp;L\u00cdNEAS DE INVESTIGACI\u00d3N E-Health y telemedicina (IP:\u00a0Dr. J. F. Arenillas Lara,\u00a0Dra. Bego\u00f1a Coco) Discapacidad Visual y neuro-rehabilitaci\u00f3n visual Tecnolog\u00edas [&hellip;]\" \/>\n<meta property=\"og:url\" content=\"https:\/\/neuro-increase.es\/index.php\/investigacion\/\" \/>\n<meta property=\"og:site_name\" content=\"INCreAse\" \/>\n<meta property=\"article:publisher\" content=\"https:\/\/www.facebook.com\/Increasetech\" \/>\n<meta property=\"article:modified_time\" content=\"2022-03-23T12:42:22+00:00\" \/>\n<meta name=\"twitter:card\" content=\"summary_large_image\" \/>\n<meta name=\"twitter:site\" content=\"@TechIncrease\" \/>\n<meta name=\"twitter:label1\" content=\"Tiempo de lectura\" \/>\n\t<meta name=\"twitter:data1\" content=\"10 minutos\" \/>\n<script type=\"application\/ld+json\" class=\"yoast-schema-graph\">{\"@context\":\"https:\/\/schema.org\",\"@graph\":[{\"@type\":\"WebPage\",\"@id\":\"https:\/\/neuro-increase.es\/index.php\/investigacion\/\",\"url\":\"https:\/\/neuro-increase.es\/index.php\/investigacion\/\",\"name\":\"Investigaci\u00f3n - INCreAse\",\"isPartOf\":{\"@id\":\"https:\/\/neuro-increase.es\/#website\"},\"datePublished\":\"2018-12-27T11:58:42+00:00\",\"dateModified\":\"2022-03-23T12:42:22+00:00\",\"breadcrumb\":{\"@id\":\"https:\/\/neuro-increase.es\/index.php\/investigacion\/#breadcrumb\"},\"inLanguage\":\"es\",\"potentialAction\":[{\"@type\":\"ReadAction\",\"target\":[\"https:\/\/neuro-increase.es\/index.php\/investigacion\/\"]}]},{\"@type\":\"BreadcrumbList\",\"@id\":\"https:\/\/neuro-increase.es\/index.php\/investigacion\/#breadcrumb\",\"itemListElement\":[{\"@type\":\"ListItem\",\"position\":1,\"name\":\"Portada\",\"item\":\"https:\/\/neuro-increase.es\/\"},{\"@type\":\"ListItem\",\"position\":2,\"name\":\"Investigaci\u00f3n\"}]},{\"@type\":\"WebSite\",\"@id\":\"https:\/\/neuro-increase.es\/#website\",\"url\":\"https:\/\/neuro-increase.es\/\",\"name\":\"INCreAse\",\"description\":\"Grupo de Investigaci\u00f3n de Neurociencias Aplicadas de Valladolid\",\"publisher\":{\"@id\":\"https:\/\/neuro-increase.es\/#organization\"},\"potentialAction\":[{\"@type\":\"SearchAction\",\"target\":{\"@type\":\"EntryPoint\",\"urlTemplate\":\"https:\/\/neuro-increase.es\/?s={search_term_string}\"},\"query-input\":{\"@type\":\"PropertyValueSpecification\",\"valueRequired\":true,\"valueName\":\"search_term_string\"}}],\"inLanguage\":\"es\"},{\"@type\":\"Organization\",\"@id\":\"https:\/\/neuro-increase.es\/#organization\",\"name\":\"INCreAse tech\",\"url\":\"https:\/\/neuro-increase.es\/\",\"logo\":{\"@type\":\"ImageObject\",\"inLanguage\":\"es\",\"@id\":\"https:\/\/neuro-increase.es\/#\/schema\/logo\/image\/\",\"url\":\"https:\/\/neuro-increase.es\/wp-content\/uploads\/2020\/11\/logo-Increase-tech-all-02.png\",\"contentUrl\":\"https:\/\/neuro-increase.es\/wp-content\/uploads\/2020\/11\/logo-Increase-tech-all-02.png\",\"width\":2401,\"height\":885,\"caption\":\"INCreAse tech\"},\"image\":{\"@id\":\"https:\/\/neuro-increase.es\/#\/schema\/logo\/image\/\"},\"sameAs\":[\"https:\/\/www.facebook.com\/Increasetech\",\"https:\/\/x.com\/TechIncrease\"]}]}<\/script>\n<!-- \/ Yoast SEO plugin. -->","yoast_head_json":{"title":"Investigaci\u00f3n - INCreAse","robots":{"index":"index","follow":"follow","max-snippet":"max-snippet:-1","max-image-preview":"max-image-preview:large","max-video-preview":"max-video-preview:-1"},"canonical":"https:\/\/neuro-increase.es\/index.php\/investigacion\/","og_locale":"es_ES","og_type":"article","og_title":"Investigaci\u00f3n - INCreAse","og_description":"L\u00cdNEAS DE INVESTIGACI\u00d3N Investigaci\u00f3n pre-cl\u00ednica (IP:Dr. J. F. Arenillas Lara y\u00a0Dr. J. Agulla Freire) Modelo animal de ictus isqu\u00e9mico y hemorr\u00e1gico Modelo animal de enfermedad de Alzheimer Resonancia magn\u00e9tica en cerebro animal. Imagen molecular y teran\u00f3stica &nbsp;L\u00cdNEAS DE INVESTIGACI\u00d3N E-Health y telemedicina (IP:\u00a0Dr. J. F. Arenillas Lara,\u00a0Dra. Bego\u00f1a Coco) Discapacidad Visual y neuro-rehabilitaci\u00f3n visual Tecnolog\u00edas [&hellip;]","og_url":"https:\/\/neuro-increase.es\/index.php\/investigacion\/","og_site_name":"INCreAse","article_publisher":"https:\/\/www.facebook.com\/Increasetech","article_modified_time":"2022-03-23T12:42:22+00:00","twitter_card":"summary_large_image","twitter_site":"@TechIncrease","twitter_misc":{"Tiempo de lectura":"10 minutos"},"schema":{"@context":"https:\/\/schema.org","@graph":[{"@type":"WebPage","@id":"https:\/\/neuro-increase.es\/index.php\/investigacion\/","url":"https:\/\/neuro-increase.es\/index.php\/investigacion\/","name":"Investigaci\u00f3n - INCreAse","isPartOf":{"@id":"https:\/\/neuro-increase.es\/#website"},"datePublished":"2018-12-27T11:58:42+00:00","dateModified":"2022-03-23T12:42:22+00:00","breadcrumb":{"@id":"https:\/\/neuro-increase.es\/index.php\/investigacion\/#breadcrumb"},"inLanguage":"es","potentialAction":[{"@type":"ReadAction","target":["https:\/\/neuro-increase.es\/index.php\/investigacion\/"]}]},{"@type":"BreadcrumbList","@id":"https:\/\/neuro-increase.es\/index.php\/investigacion\/#breadcrumb","itemListElement":[{"@type":"ListItem","position":1,"name":"Portada","item":"https:\/\/neuro-increase.es\/"},{"@type":"ListItem","position":2,"name":"Investigaci\u00f3n"}]},{"@type":"WebSite","@id":"https:\/\/neuro-increase.es\/#website","url":"https:\/\/neuro-increase.es\/","name":"INCreAse","description":"Grupo de Investigaci\u00f3n de Neurociencias Aplicadas de Valladolid","publisher":{"@id":"https:\/\/neuro-increase.es\/#organization"},"potentialAction":[{"@type":"SearchAction","target":{"@type":"EntryPoint","urlTemplate":"https:\/\/neuro-increase.es\/?s={search_term_string}"},"query-input":{"@type":"PropertyValueSpecification","valueRequired":true,"valueName":"search_term_string"}}],"inLanguage":"es"},{"@type":"Organization","@id":"https:\/\/neuro-increase.es\/#organization","name":"INCreAse tech","url":"https:\/\/neuro-increase.es\/","logo":{"@type":"ImageObject","inLanguage":"es","@id":"https:\/\/neuro-increase.es\/#\/schema\/logo\/image\/","url":"https:\/\/neuro-increase.es\/wp-content\/uploads\/2020\/11\/logo-Increase-tech-all-02.png","contentUrl":"https:\/\/neuro-increase.es\/wp-content\/uploads\/2020\/11\/logo-Increase-tech-all-02.png","width":2401,"height":885,"caption":"INCreAse tech"},"image":{"@id":"https:\/\/neuro-increase.es\/#\/schema\/logo\/image\/"},"sameAs":["https:\/\/www.facebook.com\/Increasetech","https:\/\/x.com\/TechIncrease"]}]}},"_links":{"self":[{"href":"https:\/\/neuro-increase.es\/index.php\/wp-json\/wp\/v2\/pages\/132","targetHints":{"allow":["GET"]}}],"collection":[{"href":"https:\/\/neuro-increase.es\/index.php\/wp-json\/wp\/v2\/pages"}],"about":[{"href":"https:\/\/neuro-increase.es\/index.php\/wp-json\/wp\/v2\/types\/page"}],"author":[{"embeddable":true,"href":"https:\/\/neuro-increase.es\/index.php\/wp-json\/wp\/v2\/users\/1"}],"replies":[{"embeddable":true,"href":"https:\/\/neuro-increase.es\/index.php\/wp-json\/wp\/v2\/comments?post=132"}],"version-history":[{"count":34,"href":"https:\/\/neuro-increase.es\/index.php\/wp-json\/wp\/v2\/pages\/132\/revisions"}],"predecessor-version":[{"id":28891,"href":"https:\/\/neuro-increase.es\/index.php\/wp-json\/wp\/v2\/pages\/132\/revisions\/28891"}],"wp:attachment":[{"href":"https:\/\/neuro-increase.es\/index.php\/wp-json\/wp\/v2\/media?parent=132"}],"curies":[{"name":"wp","href":"https:\/\/api.w.org\/{rel}","templated":true}]}}